{"id":396,"date":"2025-02-04T11:48:44","date_gmt":"2025-02-04T11:48:44","guid":{"rendered":"https:\/\/demo.harmoniabliss.co.za\/?post_type=product&#038;p=396"},"modified":"2025-02-18T12:24:21","modified_gmt":"2025-02-18T12:24:21","slug":"freeflow-naturals-regular-creme-relaxer","status":"publish","type":"product","link":"https:\/\/demo.harmoniabliss.co.za\/?product=freeflow-naturals-regular-creme-relaxer","title":{"rendered":"FreeFlow Naturals Regular Cr\u00e9me Relaxer 1lt &#038; 5lt"},"content":{"rendered":"<h2><strong>FreeFlow Naturals Regular Cr\u00e9me Relaxer<\/strong><\/h2>\n<ul>\n<li>Regular Cr\u00e9me Relaxer 1lt<\/li>\n<li>Regular Cr\u00e9me Relaxer 5lt<\/li>\n<\/ul>\n<p>Packed in 2\u2019s<\/p>\n","protected":false},"excerpt":{"rendered":"<p>FreeFlow Naturals Regular Cr\u00e9me Relaxer Regular Cr\u00e9me Relaxer 1lt Regular Cr\u00e9me Relaxer 5lt Packed in 2\u2019s<\/p>\n","protected":false},"featured_media":94,"comment_status":"open","ping_status":"closed","template":"","meta":{"_et_pb_use_builder":"","_et_pb_old_content":"","_et_gb_content_width":""},"product_brand":[],"product_cat":[21],"product_tag":[],"class_list":{"0":"post-396","1":"product","2":"type-product","3":"status-publish","4":"has-post-thumbnail","6":"product_cat-uncategorized","8":"first","9":"instock","10":"shipping-taxable","11":"purchasable","12":"product-type-variable"},"_links":{"self":[{"href":"https:\/\/demo.harmoniabliss.co.za\/index.php?rest_route=\/wp\/v2\/product\/396","targetHints":{"allow":["GET"]}}],"collection":[{"href":"https:\/\/demo.harmoniabliss.co.za\/index.php?rest_route=\/wp\/v2\/product"}],"about":[{"href":"https:\/\/demo.harmoniabliss.co.za\/index.php?rest_route=\/wp\/v2\/types\/product"}],"replies":[{"embeddable":true,"href":"https:\/\/demo.harmoniabliss.co.za\/index.php?rest_route=%2Fwp%2Fv2%2Fcomments&post=396"}],"wp:featuredmedia":[{"embeddable":true,"href":"https:\/\/demo.harmoniabliss.co.za\/index.php?rest_route=\/wp\/v2\/media\/94"}],"wp:attachment":[{"href":"https:\/\/demo.harmoniabliss.co.za\/index.php?rest_route=%2Fwp%2Fv2%2Fmedia&parent=396"}],"wp:term":[{"taxonomy":"product_brand","embeddable":true,"href":"https:\/\/demo.harmoniabliss.co.za\/index.php?rest_route=%2Fwp%2Fv2%2Fproduct_brand&post=396"},{"taxonomy":"product_cat","embeddable":true,"href":"https:\/\/demo.harmoniabliss.co.za\/index.php?rest_route=%2Fwp%2Fv2%2Fproduct_cat&post=396"},{"taxonomy":"product_tag","embeddable":true,"href":"https:\/\/demo.harmoniabliss.co.za\/index.php?rest_route=%2Fwp%2Fv2%2Fproduct_tag&post=396"}],"curies":[{"name":"wp","href":"https:\/\/api.w.org\/{rel}","templated":true}]}}